{"id":3253,"date":"2026-01-06T00:33:54","date_gmt":"2026-01-05T22:33:54","guid":{"rendered":"http:\/\/safarikeskus.paap.ee\/?page_id=3253"},"modified":"2026-02-06T00:53:35","modified_gmt":"2026-02-05T22:53:35","slug":"contact","status":"publish","type":"page","link":"https:\/\/safarikeskus.paap.ee\/en\/contact\/","title":{"rendered":"Contact"},"content":{"rendered":"\t\t<div data-elementor-type=\"wp-page\" data-elementor-id=\"3253\" class=\"elementor elementor-3253 elementor-164\" data-elementor-post-type=\"page\">\n\t\t\t\t<div class=\"elementor-element elementor-element-869b48e e-flex e-con-boxed e-con e-parent\" data-id=\"869b48e\" data-element_type=\"container\" data-e-type=\"container\" data-settings=\"{&quot;background_background&quot;:&quot;classic&quot;}\">\n\t\t\t\t\t<div class=\"e-con-inner\">\n\t\t<div class=\"elementor-element elementor-element-f61f117 e-con-full e-flex e-con e-child\" data-id=\"f61f117\" data-element_type=\"container\" data-e-type=\"container\">\n\t\t\t\t<div class=\"elementor-element elementor-element-86a0acd elementor-widget elementor-widget-heading\" data-id=\"86a0acd\" data-element_type=\"widget\" data-e-type=\"widget\" data-widget_type=\"heading.default\">\n\t\t\t\t\t<h2 class=\"elementor-heading-title elementor-size-default\">Contact<\/h2>\t\t\t\t<\/div>\n\t\t\t\t<div class=\"elementor-element elementor-element-12f1a6f elementor-icon-list--layout-inline elementor-align-center elementor-list-item-link-full_width elementor-widget elementor-widget-icon-list\" data-id=\"12f1a6f\" data-element_type=\"widget\" data-e-type=\"widget\" data-widget_type=\"icon-list.default\">\n\t\t\t\t\t\t\t<ul class=\"elementor-icon-list-items elementor-inline-items\">\n\t\t\t\t\t\t\t<li class=\"elementor-icon-list-item elementor-inline-item\">\n\t\t\t\t\t\t\t\t\t\t<span class=\"elementor-icon-list-text\">Home<\/span>\n\t\t\t\t\t\t\t\t\t<\/li>\n\t\t\t\t\t\t\t\t<li class=\"elementor-icon-list-item elementor-inline-item\">\n\t\t\t\t\t\t\t\t\t\t\t<span class=\"elementor-icon-list-icon\">\n\t\t\t\t\t\t\t<svg aria-hidden=\"true\" class=\"e-font-icon-svg e-fas-chevron-right\" viewBox=\"0 0 320 512\" xmlns=\"http:\/\/www.w3.org\/2000\/svg\"><path d=\"M285.476 272.971L91.132 467.314c-9.373 9.373-24.569 9.373-33.941 0l-22.667-22.667c-9.357-9.357-9.375-24.522-.04-33.901L188.505 256 34.484 101.255c-9.335-9.379-9.317-24.544.04-33.901l22.667-22.667c9.373-9.373 24.569-9.373 33.941 0L285.475 239.03c9.373 9.372 9.373 24.568.001 33.941z\"><\/path><\/svg>\t\t\t\t\t\t<\/span>\n\t\t\t\t\t\t\t\t\t\t<span class=\"elementor-icon-list-text\">Contact<\/span>\n\t\t\t\t\t\t\t\t\t<\/li>\n\t\t\t\t\t\t<\/ul>\n\t\t\t\t\t\t<\/div>\n\t\t\t\t<\/div>\n\t\t\t\t\t<\/div>\n\t\t\t\t<\/div>\n\t\t<div class=\"elementor-element elementor-element-9f151fa e-flex e-con-boxed e-con e-parent\" data-id=\"9f151fa\" data-element_type=\"container\" data-e-type=\"container\">\n\t\t\t\t\t<div class=\"e-con-inner\">\n\t\t<div class=\"elementor-element elementor-element-ffc1005 e-con-full elementor-hidden-tablet elementor-hidden-mobile e-flex e-con e-child\" data-id=\"ffc1005\" data-element_type=\"container\" data-e-type=\"container\">\n\t\t\t\t<div class=\"elementor-element elementor-element-4e31f02 elementor-widget elementor-widget-image\" data-id=\"4e31f02\" data-element_type=\"widget\" data-e-type=\"widget\" data-widget_type=\"image.default\">\n\t\t\t\t\t\t\t\t\t\t\t\t\t\t\t<img fetchpriority=\"high\" decoding=\"async\" width=\"800\" height=\"800\" src=\"https:\/\/safarikeskus.paap.ee\/wp-content\/uploads\/2026\/01\/kollaaz11-1024x1024.png\" class=\"attachment-large size-large wp-image-2703\" alt=\"\" srcset=\"https:\/\/safarikeskus.paap.ee\/wp-content\/uploads\/2026\/01\/kollaaz11-1024x1024.png 1024w, https:\/\/safarikeskus.paap.ee\/wp-content\/uploads\/2026\/01\/kollaaz11-300x300.png 300w, https:\/\/safarikeskus.paap.ee\/wp-content\/uploads\/2026\/01\/kollaaz11-150x150.png 150w, https:\/\/safarikeskus.paap.ee\/wp-content\/uploads\/2026\/01\/kollaaz11-768x768.png 768w, https:\/\/safarikeskus.paap.ee\/wp-content\/uploads\/2026\/01\/kollaaz11-1536x1536.png 1536w, https:\/\/safarikeskus.paap.ee\/wp-content\/uploads\/2026\/01\/kollaaz11.png 1920w\" sizes=\"(max-width: 800px) 100vw, 800px\" \/>\t\t\t\t\t\t\t\t\t\t\t\t\t\t\t<\/div>\n\t\t\t\t<\/div>\n\t\t<div class=\"elementor-element elementor-element-28dbf84 e-con-full e-flex elementor-invisible e-con e-child\" data-id=\"28dbf84\" data-element_type=\"container\" data-e-type=\"container\" data-settings=\"{&quot;animation&quot;:&quot;fadeInRight&quot;}\">\n\t\t<div class=\"elementor-element elementor-element-2f83bfa e-con-full e-flex e-con e-child\" data-id=\"2f83bfa\" data-element_type=\"container\" data-e-type=\"container\">\n\t\t\t\t<div class=\"elementor-element elementor-element-1ce5158 elementor-widget elementor-widget-heading\" data-id=\"1ce5158\" data-element_type=\"widget\" data-e-type=\"widget\" data-widget_type=\"heading.default\">\n\t\t\t\t\t<h4 class=\"elementor-heading-title elementor-size-default\">Contact<\/h4>\t\t\t\t<\/div>\n\t\t\t\t<div class=\"elementor-element elementor-element-d573b5b elementor-widget elementor-widget-heading\" data-id=\"d573b5b\" data-element_type=\"widget\" data-e-type=\"widget\" data-widget_type=\"heading.default\">\n\t\t\t\t\t<h2 class=\"elementor-heading-title elementor-size-default\">Kolar Safari Center<\/h2>\t\t\t\t<\/div>\n\t\t\t\t<div class=\"elementor-element elementor-element-7a41569 elementor-widget elementor-widget-text-editor\" data-id=\"7a41569\" data-element_type=\"widget\" data-e-type=\"widget\" data-widget_type=\"text-editor.default\">\n\t\t\t\t\t\t\t\t\t<p>We are open from December to April, depending on snow conditions, with no holidays.<\/p><p><strong>Please always call in advance! <\/strong><\/p><p><strong>Life is an adventure!<\/strong><\/p>\t\t\t\t\t\t\t\t<\/div>\n\t\t\t\t<\/div>\n\t\t\t\t<div class=\"elementor-element elementor-element-10143e0 elementor-widget elementor-widget-heading\" data-id=\"10143e0\" data-element_type=\"widget\" data-e-type=\"widget\" data-widget_type=\"heading.default\">\n\t\t\t\t\t<h4 class=\"elementor-heading-title elementor-size-default\">Get in touch<\/h4>\t\t\t\t<\/div>\n\t\t\t\t<div class=\"elementor-element elementor-element-5f03753 elementor-widget elementor-widget-heading\" data-id=\"5f03753\" data-element_type=\"widget\" data-e-type=\"widget\" data-widget_type=\"heading.default\">\n\t\t\t\t\t<h3 class=\"elementor-heading-title elementor-size-default\">+372 50 51015<\/h3>\t\t\t\t<\/div>\n\t\t\t\t<div class=\"elementor-element elementor-element-60b4f48 elementor-widget elementor-widget-heading\" data-id=\"60b4f48\" data-element_type=\"widget\" data-e-type=\"widget\" data-widget_type=\"heading.default\">\n\t\t\t\t\t<h3 class=\"elementor-heading-title elementor-size-default\">paap(at)paap.ee<\/h3>\t\t\t\t<\/div>\n\t\t\t\t<div class=\"elementor-element elementor-element-1ad6409 elementor-widget elementor-widget-heading\" data-id=\"1ad6409\" data-element_type=\"widget\" data-e-type=\"widget\" data-widget_type=\"heading.default\">\n\t\t\t\t\t<h4 class=\"elementor-heading-title elementor-size-default\">Address<\/h4>\t\t\t\t<\/div>\n\t\t\t\t<div class=\"elementor-element elementor-element-5b75e77 elementor-widget elementor-widget-text-editor\" data-id=\"5b75e77\" data-element_type=\"widget\" data-e-type=\"widget\" data-widget_type=\"text-editor.default\">\n\t\t\t\t\t\t\t\t\t<p>N\u00fcpli village, Otep\u00e4\u00e4 parish, Valgamaa.<\/p>\t\t\t\t\t\t\t\t<\/div>\n\t\t\t\t<\/div>\n\t\t\t\t\t<\/div>\n\t\t\t\t<\/div>\n\t\t<div class=\"elementor-element elementor-element-8df5e1e e-flex e-con-boxed e-con e-parent\" data-id=\"8df5e1e\" data-element_type=\"container\" data-e-type=\"container\">\n\t\t\t\t\t<div class=\"e-con-inner\">\n\t\t<div class=\"elementor-element elementor-element-d77e291 animated-slow e-con-full e-flex elementor-invisible e-con e-child\" data-id=\"d77e291\" data-element_type=\"container\" data-e-type=\"container\" data-settings=\"{&quot;animation&quot;:&quot;fadeInLeft&quot;}\">\n\t\t<div class=\"elementor-element elementor-element-58ff112 e-con-full e-flex e-con e-child\" data-id=\"58ff112\" data-element_type=\"container\" data-e-type=\"container\">\n\t\t\t\t<div class=\"elementor-element elementor-element-44174d7 elementor-widget elementor-widget-heading\" data-id=\"44174d7\" data-element_type=\"widget\" data-e-type=\"widget\" data-widget_type=\"heading.default\">\n\t\t\t\t\t<h3 class=\"elementor-heading-title elementor-size-default\">SK SURF MT\u00dc<\/h3>\t\t\t\t<\/div>\n\t\t\t\t<div class=\"elementor-element elementor-element-a16539a elementor-widget elementor-widget-text-editor\" data-id=\"a16539a\" data-element_type=\"widget\" data-e-type=\"widget\" data-widget_type=\"text-editor.default\">\n\t\t\t\t\t\t\t\t\t<p>Account No. &#8211; EE672200221010596095 Swedbank<br \/>Reg. no \u2013 80040255<br \/>Legal address: Kastani 23, Tallinn 10912<\/p>\t\t\t\t\t\t\t\t<\/div>\n\t\t\t\t<\/div>\n\t\t\t\t<\/div>\n\t\t<div class=\"elementor-element elementor-element-672a1be animated-slow e-con-full e-flex elementor-invisible e-con e-child\" data-id=\"672a1be\" data-element_type=\"container\" data-e-type=\"container\" data-settings=\"{&quot;animation&quot;:&quot;fadeInLeft&quot;}\">\n\t\t<div class=\"elementor-element elementor-element-7b77c67 e-con-full e-flex e-con e-child\" data-id=\"7b77c67\" data-element_type=\"container\" data-e-type=\"container\">\n\t\t\t\t<div class=\"elementor-element elementor-element-57e04b8 elementor-widget elementor-widget-heading\" data-id=\"57e04b8\" data-element_type=\"widget\" data-e-type=\"widget\" data-widget_type=\"heading.default\">\n\t\t\t\t\t<h3 class=\"elementor-heading-title elementor-size-default\">O\u00dc PSYCHO<\/h3>\t\t\t\t<\/div>\n\t\t\t\t<div class=\"elementor-element elementor-element-832dcf4 elementor-widget elementor-widget-text-editor\" data-id=\"832dcf4\" data-element_type=\"widget\" data-e-type=\"widget\" data-widget_type=\"text-editor.default\">\n\t\t\t\t\t\t\t\t\t<p>Account No. \u2013 EE932200221019474037 Swedbank<br>VAT No. \u2013 EE 100753451 <\/p><p>Reg.\nNo. \u2013 10851963<br>Legal\naddress \u2013 N\u00fcpli village, Otep\u00e4\u00e4 municipality, Valga County, 67408  <\/p>\t\t\t\t\t\t\t\t<\/div>\n\t\t\t\t<\/div>\n\t\t\t\t<\/div>\n\t\t\t\t\t<\/div>\n\t\t\t\t<\/div>\n\t\t<div class=\"elementor-element elementor-element-554b49d e-flex e-con-boxed e-con e-parent\" data-id=\"554b49d\" data-element_type=\"container\" data-e-type=\"container\">\n\t\t\t\t\t<div class=\"e-con-inner\">\n\t\t<div class=\"elementor-element elementor-element-c71dec3 e-con-full animated-fast e-flex elementor-invisible e-con e-child\" data-id=\"c71dec3\" data-element_type=\"container\" data-e-type=\"container\" data-settings=\"{&quot;animation&quot;:&quot;fadeInLeft&quot;}\">\n\t\t\t\t<div class=\"elementor-element elementor-element-b94d391 elementor-widget elementor-widget-image\" data-id=\"b94d391\" data-element_type=\"widget\" data-e-type=\"widget\" data-widget_type=\"image.default\">\n\t\t\t\t\t\t\t\t\t\t\t\t\t\t\t<img decoding=\"async\" width=\"768\" height=\"534\" src=\"https:\/\/safarikeskus.paap.ee\/wp-content\/uploads\/2026\/01\/Paap-2-768x534.jpeg\" class=\"attachment-medium_large size-medium_large wp-image-3250\" alt=\"\" srcset=\"https:\/\/safarikeskus.paap.ee\/wp-content\/uploads\/2026\/01\/Paap-2-768x534.jpeg 768w, https:\/\/safarikeskus.paap.ee\/wp-content\/uploads\/2026\/01\/Paap-2-300x209.jpeg 300w, https:\/\/safarikeskus.paap.ee\/wp-content\/uploads\/2026\/01\/Paap-2-1024x712.jpeg 1024w, https:\/\/safarikeskus.paap.ee\/wp-content\/uploads\/2026\/01\/Paap-2.jpeg 1280w\" sizes=\"(max-width: 768px) 100vw, 768px\" \/>\t\t\t\t\t\t\t\t\t\t\t\t\t\t\t<\/div>\n\t\t<div class=\"elementor-element elementor-element-57b4ec4 e-con-full e-flex e-con e-child\" data-id=\"57b4ec4\" data-element_type=\"container\" data-e-type=\"container\">\n\t\t\t\t<div class=\"elementor-element elementor-element-05b9734 elementor-widget elementor-widget-heading\" data-id=\"05b9734\" data-element_type=\"widget\" data-e-type=\"widget\" data-widget_type=\"heading.default\">\n\t\t\t\t\t<h3 class=\"elementor-heading-title elementor-size-default\">Paap K\u00f5lar<\/h3>\t\t\t\t<\/div>\n\t\t\t\t<div class=\"elementor-element elementor-element-02b03b1 elementor-widget elementor-widget-heading\" data-id=\"02b03b1\" data-element_type=\"widget\" data-e-type=\"widget\" data-widget_type=\"heading.default\">\n\t\t\t\t\t<h5 class=\"elementor-heading-title elementor-size-default\">Events\/Inquiries\/C.E.O.<\/h5>\t\t\t\t<\/div>\n\t\t\t\t<div class=\"elementor-element elementor-element-2cff85b elementor-widget elementor-widget-text-editor\" data-id=\"2cff85b\" data-element_type=\"widget\" data-e-type=\"widget\" data-widget_type=\"text-editor.default\">\n\t\t\t\t\t\t\t\t\t<p>Tel: +372 50 51015<br>E-mail: paap(at)paap.ee<\/p>\t\t\t\t\t\t\t\t<\/div>\n\t\t\t\t<\/div>\n\t\t\t\t<\/div>\n\t\t<div class=\"elementor-element elementor-element-0431bae e-con-full e-flex elementor-invisible e-con e-child\" data-id=\"0431bae\" data-element_type=\"container\" data-e-type=\"container\" data-settings=\"{&quot;animation&quot;:&quot;fadeInLeft&quot;}\">\n\t\t\t\t<div class=\"elementor-element elementor-element-adf6190 elementor-widget elementor-widget-image\" data-id=\"adf6190\" data-element_type=\"widget\" data-e-type=\"widget\" data-widget_type=\"image.default\">\n\t\t\t\t\t\t\t\t\t\t\t\t\t\t\t<img decoding=\"async\" width=\"768\" height=\"627\" src=\"https:\/\/safarikeskus.paap.ee\/wp-content\/uploads\/2026\/01\/Palle-Screenshot-2026-01-28-at-22.49.27-768x627.png\" class=\"attachment-medium_large size-medium_large wp-image-3251\" alt=\"\" srcset=\"https:\/\/safarikeskus.paap.ee\/wp-content\/uploads\/2026\/01\/Palle-Screenshot-2026-01-28-at-22.49.27-768x627.png 768w, https:\/\/safarikeskus.paap.ee\/wp-content\/uploads\/2026\/01\/Palle-Screenshot-2026-01-28-at-22.49.27-300x245.png 300w, https:\/\/safarikeskus.paap.ee\/wp-content\/uploads\/2026\/01\/Palle-Screenshot-2026-01-28-at-22.49.27-1024x835.png 1024w, https:\/\/safarikeskus.paap.ee\/wp-content\/uploads\/2026\/01\/Palle-Screenshot-2026-01-28-at-22.49.27.png 1314w\" sizes=\"(max-width: 768px) 100vw, 768px\" \/>\t\t\t\t\t\t\t\t\t\t\t\t\t\t\t<\/div>\n\t\t<div class=\"elementor-element elementor-element-bbd582f e-con-full e-flex e-con e-child\" data-id=\"bbd582f\" data-element_type=\"container\" data-e-type=\"container\">\n\t\t\t\t<div class=\"elementor-element elementor-element-f66ea08 elementor-widget elementor-widget-heading\" data-id=\"f66ea08\" data-element_type=\"widget\" data-e-type=\"widget\" data-widget_type=\"heading.default\">\n\t\t\t\t\t<h3 class=\"elementor-heading-title elementor-size-default\">Palle K\u00f5lar<\/h3>\t\t\t\t<\/div>\n\t\t\t\t<div class=\"elementor-element elementor-element-011c746 elementor-widget elementor-widget-heading\" data-id=\"011c746\" data-element_type=\"widget\" data-e-type=\"widget\" data-widget_type=\"heading.default\">\n\t\t\t\t\t<h5 class=\"elementor-heading-title elementor-size-default\">Trainer\/Instructor<\/h5>\t\t\t\t<\/div>\n\t\t\t\t<div class=\"elementor-element elementor-element-c24b929 elementor-widget elementor-widget-text-editor\" data-id=\"c24b929\" data-element_type=\"widget\" data-e-type=\"widget\" data-widget_type=\"text-editor.default\">\n\t\t\t\t\t\t\t\t\t<p>Tel: +372 56 222992<br>E-mail: palle(at)paap.ee<\/p>\t\t\t\t\t\t\t\t<\/div>\n\t\t\t\t<\/div>\n\t\t\t\t<\/div>\n\t\t<div class=\"elementor-element elementor-element-1b217c2 e-con-full animated-slow e-flex elementor-invisible e-con e-child\" data-id=\"1b217c2\" data-element_type=\"container\" data-e-type=\"container\" data-settings=\"{&quot;animation&quot;:&quot;fadeInLeft&quot;}\">\n\t\t\t\t<div class=\"elementor-element elementor-element-b85d97e elementor-widget elementor-widget-image\" data-id=\"b85d97e\" data-element_type=\"widget\" data-e-type=\"widget\" data-widget_type=\"image.default\">\n\t\t\t\t\t\t\t\t\t\t\t\t\t\t\t<img loading=\"lazy\" decoding=\"async\" width=\"704\" height=\"528\" src=\"https:\/\/safarikeskus.paap.ee\/wp-content\/uploads\/2026\/01\/mirell_jakobson.png\" class=\"attachment-medium_large size-medium_large wp-image-3252\" alt=\"\" srcset=\"https:\/\/safarikeskus.paap.ee\/wp-content\/uploads\/2026\/01\/mirell_jakobson.png 704w, https:\/\/safarikeskus.paap.ee\/wp-content\/uploads\/2026\/01\/mirell_jakobson-300x225.png 300w\" sizes=\"(max-width: 704px) 100vw, 704px\" \/>\t\t\t\t\t\t\t\t\t\t\t\t\t\t\t<\/div>\n\t\t<div class=\"elementor-element elementor-element-d68b261 e-con-full e-flex e-con e-child\" data-id=\"d68b261\" data-element_type=\"container\" data-e-type=\"container\">\n\t\t\t\t<div class=\"elementor-element elementor-element-69efff6 elementor-widget elementor-widget-heading\" data-id=\"69efff6\" data-element_type=\"widget\" data-e-type=\"widget\" data-widget_type=\"heading.default\">\n\t\t\t\t\t<h3 class=\"elementor-heading-title elementor-size-default\">Mirell Jakobson<\/h3>\t\t\t\t<\/div>\n\t\t\t\t<div class=\"elementor-element elementor-element-c98fb54 elementor-widget elementor-widget-heading\" data-id=\"c98fb54\" data-element_type=\"widget\" data-e-type=\"widget\" data-widget_type=\"heading.default\">\n\t\t\t\t\t<h5 class=\"elementor-heading-title elementor-size-default\">Accommodation\/Catering<\/h5>\t\t\t\t<\/div>\n\t\t\t\t<div class=\"elementor-element elementor-element-540005c elementor-widget elementor-widget-text-editor\" data-id=\"540005c\" data-element_type=\"widget\" data-e-type=\"widget\" data-widget_type=\"text-editor.default\">\n\t\t\t\t\t\t\t\t\t<p>Tel: +372 58 531779<br>E-mail: mirell.jakobson(at)gmail.com<br>Torrox O\u00dc<\/p>\t\t\t\t\t\t\t\t<\/div>\n\t\t\t\t<\/div>\n\t\t\t\t<\/div>\n\t\t\t\t\t<\/div>\n\t\t\t\t<\/div>\n\t\t\t\t<\/div>\n\t\t","protected":false},"excerpt":{"rendered":"<p>Home Contact Kolar Safari Center We are open from December to April, depending on snow conditions, with no holidays. Please always call in advance! Life is an adventure! Get in touch +372 50 51015 paap(at)paap.ee Address N\u00fcpli village, Otep\u00e4\u00e4 parish, Valgamaa. SK SURF MT\u00dc Account No. &#8211; EE672200221010596095 SwedbankReg. no \u2013 80040255Legal address: Kastani 23, [&hellip;]<\/p>\n","protected":false},"author":1,"featured_media":2728,"parent":0,"menu_order":0,"comment_status":"closed","ping_status":"closed","template":"elementor_header_footer","meta":{"footnotes":""},"class_list":["post-3253","page","type-page","status-publish","has-post-thumbnail","hentry"],"_links":{"self":[{"href":"https:\/\/safarikeskus.paap.ee\/en\/wp-json\/wp\/v2\/pages\/3253","targetHints":{"allow":["GET"]}}],"collection":[{"href":"https:\/\/safarikeskus.paap.ee\/en\/wp-json\/wp\/v2\/pages"}],"about":[{"href":"https:\/\/safarikeskus.paap.ee\/en\/wp-json\/wp\/v2\/types\/page"}],"author":[{"embeddable":true,"href":"https:\/\/safarikeskus.paap.ee\/en\/wp-json\/wp\/v2\/users\/1"}],"replies":[{"embeddable":true,"href":"https:\/\/safarikeskus.paap.ee\/en\/wp-json\/wp\/v2\/comments?post=3253"}],"version-history":[{"count":4,"href":"https:\/\/safarikeskus.paap.ee\/en\/wp-json\/wp\/v2\/pages\/3253\/revisions"}],"predecessor-version":[{"id":3584,"href":"https:\/\/safarikeskus.paap.ee\/en\/wp-json\/wp\/v2\/pages\/3253\/revisions\/3584"}],"wp:featuredmedia":[{"embeddable":true,"href":"https:\/\/safarikeskus.paap.ee\/en\/wp-json\/wp\/v2\/media\/2728"}],"wp:attachment":[{"href":"https:\/\/safarikeskus.paap.ee\/en\/wp-json\/wp\/v2\/media?parent=3253"}],"curies":[{"name":"wp","href":"https:\/\/api.w.org\/{rel}","templated":true}]}}